{"id":4693,"date":"2025-01-23T15:59:30","date_gmt":"2025-01-23T15:59:30","guid":{"rendered":"https:\/\/proprioinvestissement.com\/?page_id=4693"},"modified":"2025-01-23T16:17:39","modified_gmt":"2025-01-23T16:17:39","slug":"politique-de-confidentialite","status":"publish","type":"page","link":"https:\/\/proprioinvestissement.com\/fr\/politique-de-confidentialite\/","title":{"rendered":"Politique de confidentialit\u00e9"},"content":{"rendered":"\t\t<div data-elementor-type=\"wp-page\" data-elementor-id=\"4693\" class=\"elementor elementor-4693\" data-elementor-post-type=\"page\">\n\t\t\t\t\t\t<section class=\"elementor-section elementor-top-section elementor-element elementor-element-1ddda85 elementor-section-full_width elementor-section-height-default elementor-section-height-default\" data-id=\"1ddda85\" data-element_type=\"section\" data-e-type=\"section\">\n\t\t\t\t\t\t<div class=\"elementor-container elementor-column-gap-no\">\n\t\t\t\t\t<div class=\"elementor-column elementor-col-100 elementor-top-column elementor-element elementor-element-4e4bf10\" data-id=\"4e4bf10\" data-element_type=\"column\" data-e-type=\"column\">\n\t\t\t<div class=\"elementor-widget-wrap elementor-element-populated\">\n\t\t\t\t\t\t<div class=\"elementor-element elementor-element-899a8f0 elementor--h-position-left elementor--v-position-bottom elementor-arrows-position-inside elementor-pagination-position-inside elementor-widget elementor-widget-slides\" data-id=\"899a8f0\" data-element_type=\"widget\" data-e-type=\"widget\" data-settings=\"{&quot;navigation&quot;:&quot;both&quot;,&quot;autoplay&quot;:&quot;yes&quot;,&quot;pause_on_hover&quot;:&quot;yes&quot;,&quot;pause_on_interaction&quot;:&quot;yes&quot;,&quot;autoplay_speed&quot;:5000,&quot;infinite&quot;:&quot;yes&quot;,&quot;transition&quot;:&quot;slide&quot;,&quot;transition_speed&quot;:500}\" data-widget_type=\"slides.default\">\n\t\t\t\t<div class=\"elementor-widget-container\">\n\t\t\t\t\t\t\t\t\t<div class=\"elementor-swiper\">\n\t\t\t\t\t<div class=\"elementor-slides-wrapper elementor-main-swiper swiper\" role=\"region\" aria-roledescription=\"carousel\" aria-label=\"Slides\" dir=\"ltr\" data-animation=\"fadeInUp\">\n\t\t\t\t<div class=\"swiper-wrapper elementor-slides\">\n\t\t\t\t\t\t\t\t\t\t<div class=\"elementor-repeater-item-0936deb swiper-slide\" role=\"group\" aria-roledescription=\"slide\"><div class=\"swiper-slide-bg\" role=\"img\" aria-label=\"banni\u00e8re slide pi\"><\/div><div class=\"swiper-slide-inner\" ><div class=\"swiper-slide-contents\"><div class=\"elementor-slide-heading\">Politique de confidentialit\u00e9<\/div><\/div><\/div><\/div>\t\t\t\t<\/div>\n\t\t\t\t\t\t\t<\/div>\n\t\t\t\t<\/div>\n\t\t\t\t\t\t\t\t<\/div>\n\t\t\t\t<\/div>\n\t\t\t\t\t<\/div>\n\t\t<\/div>\n\t\t\t\t\t<\/div>\n\t\t<\/section>\n\t\t\t\t<section class=\"elementor-section elementor-top-section elementor-element elementor-element-f355adf elementor-section-boxed elementor-section-height-default elementor-section-height-default\" data-id=\"f355adf\" data-element_type=\"section\" data-e-type=\"section\">\n\t\t\t\t\t\t<div class=\"elementor-container elementor-column-gap-default\">\n\t\t\t\t\t<div class=\"elementor-column elementor-col-100 elementor-top-column elementor-element elementor-element-e1a4aad\" data-id=\"e1a4aad\" data-element_type=\"column\" data-e-type=\"column\">\n\t\t\t<div class=\"elementor-widget-wrap elementor-element-populated\">\n\t\t\t\t\t\t<div class=\"elementor-element elementor-element-0830483 elementor-widget elementor-widget-text-editor\" data-id=\"0830483\" data-element_type=\"widget\" data-e-type=\"widget\" data-widget_type=\"text-editor.default\">\n\t\t\t\t<div class=\"elementor-widget-container\">\n\t\t\t\t\t\t\t\t\t<h3>\u00a0<\/h3><h3><strong>Application de la Politique de confidentialit\u00e9\u00a0<\/strong><\/h3><p><span data-contrast=\"auto\">La Politique d\u00e9finit la mani\u00e8re dont Proprio Investissement recueille, utilise et prot\u00e8ge les renseignements fournis volontairement par les utilisateurs de son site et ceux transmis automatiquement par leur serveur Web. La pr\u00e9sente Politique s\u2019applique \u00e0 l\u2019ensemble du site <\/span><a href=\"https:\/\/proprioinvestissement.com\/\"><span data-contrast=\"none\">https:\/\/proprioinvestissement.com\/<\/span><\/a><span data-contrast=\"auto\"> ainsi qu\u2019aux produits et services offerts par Proprio Investissement. La Politique explique \u00e9galement comment r\u00e9viser ou mettre \u00e0 jour vos renseignements personnels et de quelle fa\u00e7on communiquer avec Proprio Investissement pour toute question, suggestion ou commentaire. En tout temps, Proprio Investissement se r\u00e9serve le droit de modifier sa Politique, et ce, sans pr\u00e9avis. Nous vous recommandons de lire attentivement notre Politique et de la consulter r\u00e9guli\u00e8rement.<\/span><span data-ccp-props=\"{}\">\u00a0<\/span><\/p><p><strong>Collecte des renseignements\u00a0<\/strong><\/p><ol><li><span data-contrast=\"auto\">a) Renseignements personnels<\/span><\/li><\/ol><p><span data-contrast=\"auto\">Aux fins de cette Politique, le terme \u00ab renseignements personnels \u00bb renvoie \u00e0 l\u2019information qui permet d\u2019identifier une personne physique. Toute action qui se rapporte \u00e0 une r\u00e9servation en ligne, \u00e0 une inscription, \u00e0 l\u2019envoi d\u2019un curriculum vitae ou \u00e0 un formulaire de contact n\u00e9cessite la transmission volontaire de vos renseignements personnels. Lorsque ces renseignements sont obligatoires au traitement de votre demande, vous \u00eates avis\u00e9. Parmi ces renseignements, Proprio Investissement recueille :<\/span><span data-ccp-props=\"{}\">\u00a0<\/span><\/p><ul><li data-leveltext=\"\uf0b7\" data-font=\"Symbol\" data-listid=\"1\" data-list-defn-props=\"{&quot;335552541&quot;:1,&quot;335559685&quot;:720,&quot;335559991&quot;:360,&quot;469769226&quot;:&quot;Symbol&quot;,&quot;469769242&quot;:[8226],&quot;469777803&quot;:&quot;left&quot;,&quot;469777804&quot;:&quot;\uf0b7&quot;,&quot;469777815&quot;:&quot;multilevel&quot;}\" aria-setsize=\"-1\" data-aria-posinset=\"1\" data-aria-level=\"1\"><span data-contrast=\"auto\">Nom et pr\u00e9nom<\/span><span data-ccp-props=\"{}\">\u00a0<\/span><\/li><\/ul><ul><li data-leveltext=\"\uf0b7\" data-font=\"Symbol\" data-listid=\"1\" data-list-defn-props=\"{&quot;335552541&quot;:1,&quot;335559685&quot;:720,&quot;335559991&quot;:360,&quot;469769226&quot;:&quot;Symbol&quot;,&quot;469769242&quot;:[8226],&quot;469777803&quot;:&quot;left&quot;,&quot;469777804&quot;:&quot;\uf0b7&quot;,&quot;469777815&quot;:&quot;multilevel&quot;}\" aria-setsize=\"-1\" data-aria-posinset=\"2\" data-aria-level=\"1\"><span data-contrast=\"auto\">Sexe<\/span><span data-ccp-props=\"{}\">\u00a0<\/span><\/li><\/ul><ul><li data-leveltext=\"\uf0b7\" data-font=\"Symbol\" data-listid=\"1\" data-list-defn-props=\"{&quot;335552541&quot;:1,&quot;335559685&quot;:720,&quot;335559991&quot;:360,&quot;469769226&quot;:&quot;Symbol&quot;,&quot;469769242&quot;:[8226],&quot;469777803&quot;:&quot;left&quot;,&quot;469777804&quot;:&quot;\uf0b7&quot;,&quot;469777815&quot;:&quot;multilevel&quot;}\" aria-setsize=\"-1\" data-aria-posinset=\"3\" data-aria-level=\"1\"><span data-contrast=\"auto\">Adresse civique<\/span><span data-ccp-props=\"{}\">\u00a0<\/span><\/li><\/ul><ul><li data-leveltext=\"\uf0b7\" data-font=\"Symbol\" data-listid=\"1\" data-list-defn-props=\"{&quot;335552541&quot;:1,&quot;335559685&quot;:720,&quot;335559991&quot;:360,&quot;469769226&quot;:&quot;Symbol&quot;,&quot;469769242&quot;:[8226],&quot;469777803&quot;:&quot;left&quot;,&quot;469777804&quot;:&quot;\uf0b7&quot;,&quot;469777815&quot;:&quot;multilevel&quot;}\" aria-setsize=\"-1\" data-aria-posinset=\"4\" data-aria-level=\"1\"><span data-contrast=\"auto\">Adresse courriel<\/span><span data-ccp-props=\"{}\">\u00a0<\/span><\/li><\/ul><ul><li data-leveltext=\"\uf0b7\" data-font=\"Symbol\" data-listid=\"1\" data-list-defn-props=\"{&quot;335552541&quot;:1,&quot;335559685&quot;:720,&quot;335559991&quot;:360,&quot;469769226&quot;:&quot;Symbol&quot;,&quot;469769242&quot;:[8226],&quot;469777803&quot;:&quot;left&quot;,&quot;469777804&quot;:&quot;\uf0b7&quot;,&quot;469777815&quot;:&quot;multilevel&quot;}\" aria-setsize=\"-1\" data-aria-posinset=\"5\" data-aria-level=\"1\"><span data-contrast=\"auto\">Num\u00e9ro de t\u00e9l\u00e9phone<\/span><span data-ccp-props=\"{}\">\u00a0<\/span><\/li><\/ul><ul><li data-leveltext=\"\uf0b7\" data-font=\"Symbol\" data-listid=\"1\" data-list-defn-props=\"{&quot;335552541&quot;:1,&quot;335559685&quot;:720,&quot;335559991&quot;:360,&quot;469769226&quot;:&quot;Symbol&quot;,&quot;469769242&quot;:[8226],&quot;469777803&quot;:&quot;left&quot;,&quot;469777804&quot;:&quot;\uf0b7&quot;,&quot;469777815&quot;:&quot;multilevel&quot;}\" aria-setsize=\"-1\" data-aria-posinset=\"6\" data-aria-level=\"1\"><span data-contrast=\"auto\">Num\u00e9ro de carte de cr\u00e9dit<\/span><span data-ccp-props=\"{}\">\u00a0<\/span><\/li><\/ul><p><i><span data-contrast=\"auto\">\u00c0 noter que cette liste n\u2019est pas exhaustive et peut \u00eatre appel\u00e9e \u00e0 changer, et ce, sans pr\u00e9avis.<\/span><\/i><span data-ccp-props=\"{}\">\u00a0<\/span><\/p><ol><li><span data-contrast=\"auto\">b) Renseignements non personnels<\/span><\/li><\/ol><p><span data-contrast=\"auto\">Aux fins de cette Politique, le terme \u00ab renseignements non personnels \u00bb fait r\u00e9f\u00e9rence aux renseignements anonymes qui sont habituellement enregistr\u00e9s par les serveurs Web, tels que l\u2019adresse de protocole Web (adresse IP), la date et l\u2019heure de l\u2019acc\u00e8s, de m\u00eame que le syst\u00e8me d\u2019exploitation et le navigateur utilis\u00e9s par l\u2019internaute. Les statistiques d\u00e9mographiques sur nos visiteurs (groupe d\u2019\u00e2ge, pays d\u2019appartenance, langue de correspondance, etc.) et leurs habitudes de navigation (pages consult\u00e9es, nombre de visites, dur\u00e9e de consultation, etc.) sont \u00e9galement consid\u00e9r\u00e9es comme des renseignements non personnels. Proprio Investissement recueille de tels renseignements, principalement par l\u2019interm\u00e9diaire de t\u00e9moins (cookies). Les cookies sont de petits fichiers de donn\u00e9es qu\u2019installe le navigateur sur le disque dur de l\u2019ordinateur d\u2019un internaute, lors de sa premi\u00e8re visite sur un site Web. Les donn\u00e9es concernant l\u2019utilisateur sont collect\u00e9es pour permettre \u00e0 Proprio Investissement de fournir ses produits et services ainsi que pour les fins suivantes : publicit\u00e9, analyse de comportement et statistiques, contact avec un client, interaction avec les r\u00e9seaux sociaux et plateformes externes, inscription et authentification, r\u00e9ponse aux commentaires, remarketing et ciblage selon les habitudes de visite.<\/span><span data-ccp-props=\"{}\">\u00a0<\/span><\/p><p><strong>Informations recueillies\u00a0<\/strong><\/p><ol><li>a) Renseignements personnels<\/li><\/ol><p><strong>Coordonn\u00e9es\u00a0<\/strong><\/p><p><span data-contrast=\"auto\">Les coordonn\u00e9es fournies volontairement par les utilisateurs du site Web https:\/\/proprioinvestissement.com\/ peuvent \u00eatre utilis\u00e9es pour les raisons suivantes : confirmer la r\u00e9ception d\u2019une commande, envoyer de l\u2019information sur les produits et services de notre entreprise, entrer en contact avec eux, si n\u00e9cessaire, comprendre leurs besoins et obtenir leur degr\u00e9 de satisfaction par l\u2019interm\u00e9diaire d\u2019un sondage.<\/span><span data-ccp-props=\"{}\">\u00a0<\/span><\/p><ol><li>b) Renseignements non personnels<\/li><\/ol><p><strong>T\u00e9moins (cookies)\u00a0<\/strong><\/p><p><span data-contrast=\"auto\">L\u2019utilisation de cookies permet \u00e0 Proprio Investissement de compiler des statistiques qui servent \u00e0 l\u2019analyse du trafic de son site Web et \u00e0 la cr\u00e9ation d\u2019annonces publicitaires.<\/span><span data-ccp-props=\"{}\">\u00a0<\/span><\/p><p><strong>Outil analytique\u00a0<\/strong><\/p><p><span data-contrast=\"auto\">Notre entreprise utilise l\u2019outil d\u2019analyse d\u2019audience Google Analytics pour obtenir des statistiques d\u00e9mographiques sur ses visiteurs et des statistiques sur leurs habitudes de navigation. Nous pouvons \u00e9galement nous servir de ces donn\u00e9es pour mieux comprendre leur comportement ou am\u00e9liorer la structure de notre site https:\/\/proprioinvestissement.com\/. De plus, Google Analytics nous permet d\u2019\u00e9tablir le profil de nos clients actuels ou potentiels, de fa\u00e7on \u00e0 am\u00e9liorer notre offre de produits et services. Pour collecter des renseignements anonymes et produire des rapports de statistiques, Google Analytics peut utiliser des cookies, mais sans vous identifier personnellement.<\/span><span data-ccp-props=\"{}\">\u00a0<\/span><\/p><p><strong>Publicit\u00e9 et remarketing\u00a0<\/strong><\/p><p><span data-contrast=\"auto\">Notre entreprise utilise les outils publicitaires Google Ads et Facebook Ads pour promouvoir ses produits et services en ligne ainsi que pour augmenter le trafic vers son site https:\/\/proprioinvestissement.com\/. Ces outils utilisent des cookies et autres technologies pour effectuer le suivi et l\u2019analyse des donn\u00e9es, \u00e9valuer la popularit\u00e9 du contenu, mieux comprendre les activit\u00e9s en ligne des internautes et publier des annonces publicitaires cibl\u00e9es (qui tiennent compte notamment des centres d\u2019int\u00e9r\u00eat, des visites de sites ou des donn\u00e9es d\u00e9mographiques). La fa\u00e7on dont Proprio Investissement utilise Google Ads et Facebook Ads lui permet d\u2019adapter ses pratiques marketing pour mieux r\u00e9pondre aux besoins de sa client\u00e8le et afficher des annonces qui, selon l\u2019entreprise, sont susceptibles de l\u2019int\u00e9resser.<\/span><span data-ccp-props=\"{}\">\u00a0<\/span><\/p><p><strong>D\u00e9sactivation des cookies<\/strong><span data-ccp-props=\"{}\">\u00a0<\/span><\/p><p><span data-contrast=\"auto\">Tout utilisateur est en mesure d\u2019activer ou d\u00e9sactiver l\u2019utilisation des\u202f<\/span><i><span data-contrast=\"auto\">cookies\u202f<\/span><\/i><span data-contrast=\"auto\">par Google. Pour ce faire, rendez-vous \u00e0 l\u2019adresse suivante :\u202f<\/span><a href=\"https:\/\/support.google.com\/accounts\/answer\/61416?hl=fr%20\"><span data-contrast=\"none\">https:\/\/support.google.com\/accounts\/answer\/61416?hl=fr<\/span><\/a><span data-contrast=\"auto\">\u202f<\/span><span data-ccp-props=\"{}\">\u00a0<\/span><\/p><p><span data-contrast=\"auto\">Vous pouvez \u00e9galement d\u00e9sactiver la diffusion d\u2019annonces cibl\u00e9es par centres d\u2019int\u00e9r\u00eat ou donn\u00e9es d\u00e9mographiques sur Google, en consultant le\u202f<\/span><a href=\"https:\/\/support.google.com\/ads\/answer\/2662922?hl=fr\"><span data-contrast=\"none\">Gestionnaire de pr\u00e9f\u00e9rences pour les annonces<\/span><\/a><span data-contrast=\"auto\">. Lorsque vous proc\u00e9dez \u00e0 la d\u00e9sactivation de ce param\u00e8tre, les annonces ne sont pas bloqu\u00e9es. Elles apparaissent toujours, mais elles ne sont g\u00e9n\u00e9ralement plus en lien avec vos centres d\u2019int\u00e9r\u00eat, vos donn\u00e9es d\u00e9mographiques ou les sites que vous avez visit\u00e9s.<\/span><span data-ccp-props=\"{}\">\u00a0<\/span><\/p><p><strong>Commentaires\u00a0<\/strong><\/p><p><span data-contrast=\"auto\">Quand les visiteurs laissent des commentaires sur le site, nous collectons les donn\u00e9es recueillies \u00e0 travers le formulaire de commentaires, ainsi que l\u2019adresse IP des visiteurs \u00e0 des fins de protection anti-spam.<\/span><span data-ccp-props=\"{}\">\u00a0<\/span><\/p><p><strong>M\u00e9dias\u00a0<\/strong><\/p><p><span data-contrast=\"auto\">Si vous t\u00e9l\u00e9versez une image sur le site Web, il est d\u00e9conseill\u00e9 de t\u00e9l\u00e9verser des images incluant des informations de localisation (EXIF GPS). Les visiteurs du site Web peuvent t\u00e9l\u00e9charger et extraire toute information de localisation des images sur le site Web.<\/span><span data-ccp-props=\"{}\">\u00a0<\/span><\/p><p><strong>Cookies\u00a0<\/strong><\/p><p><span data-contrast=\"auto\">Si vous laissez un commentaire sur le site, vous pouvez consentir \u00e0 l\u2019utilisation des cookies en inscrivant votre nom, courriel et adresse Web. Ces cookies ont \u00e9t\u00e9 mis en place pour votre b\u00e9n\u00e9fice afin que vous n\u2019ayez pas \u00e0 les saisir de nouveau lors de la r\u00e9daction d\u2019autres commentaires. Ces cookies sont enregistr\u00e9s pour un (1) an. Si vous avez un compte et que vous vous connectez \u00e0 celui-ci, nous allons cr\u00e9er un cookie temporaire afin de d\u00e9terminer si votre navigateur accepte les cookies. Ce cookie ne contient aucune information personnelle et est supprim\u00e9 lorsque vous fermez votre navigateur. Quand vous vous connectez au site, nous cr\u00e9ons plusieurs cookies pour sauvegarder votre information de connexion et vos pr\u00e9f\u00e9rences d\u2019affichage. Les cookies de connexion sont conserv\u00e9s pour deux (2) jours et les cookies de pr\u00e9f\u00e9rences d\u2019affichage sont conserv\u00e9s pour un (1) an. Si vous s\u00e9lectionnez l\u2019option \u00ab Se souvenir de moi \u00bb, vos informations de connexion seront conserv\u00e9es pour une p\u00e9riode de deux (2) semaines. Si vous vous d\u00e9connectez de votre compte, les cookies de connexion seront automatiquement supprim\u00e9s.<\/span><span data-ccp-props=\"{}\">\u00a0<\/span><\/p><p><strong>Contenu provenant de sources externes\u00a0<\/strong><\/p><p><span data-contrast=\"auto\">Certains articles sur ce site Web peuvent inclure du contenu provenant de sources externes (vid\u00e9os, images, articles, etc.). Le contenu provenant de sources externes se comporte de la m\u00eame mani\u00e8re que si le visiteur les consultait sur le site de provenance. Ces sites de provenance peuvent recueillir des donn\u00e9es sur vous, utiliser des cookies et utiliser, \u00e0 leur tour, du contenu provenant de tierces parties et surveiller vos interactions avec ce contenu provenant de source externe, incluant le tracking de vos interactions avec le contenu provenant de source externe si vous avez un compte sur ce site et que vous \u00eates connect\u00e9s \u00e0 ce site.<\/span><span data-ccp-props=\"{}\">\u00a0<\/span><\/p><p><strong>D\u00e9lai de conservation des renseignements\u00a0<\/strong><\/p><p><span data-contrast=\"auto\">Vos informations personnelles sont conserv\u00e9es uniquement pour le temps correspondant aux fins pour lesquelles elles ont \u00e9t\u00e9 collect\u00e9es, et ce, \u00e0 moins qu\u2019une dur\u00e9e de conservation plus longue ne soit exig\u00e9e ou autoris\u00e9e par la loi.<\/span><span data-ccp-props=\"{}\">\u00a0<\/span><\/p><p><b>Divulgation de vos renseignements\u00a0<\/b><\/p><p><span data-contrast=\"auto\">Tous les renseignements fournis par les utilisateurs de notre site Web, qu\u2019ils soient personnels ou non, demeurent confidentiels. Chacun des employ\u00e9s de Proprio Investissement est soumis au respect de la pr\u00e9sente Politique. L\u2019usage de ces donn\u00e9es est r\u00e9serv\u00e9 \u00e0 Proprio Investissement et aux fournisseurs et partenaires avec lesquelles l\u2019entreprise entretient une relation d\u2019affaires. Les renseignements leur seront transmis seulement si Proprio Investissement juge qu\u2019une telle divulgation est n\u00e9cessaire pour garantir la prestation de son offre de produits et services. Dans tous les autres cas, aucune divulgation de vos renseignements \u00e0 une tierce partie ne sera autoris\u00e9e. Advenant le cas o\u00f9 Proprio Investissement aurait besoin de transmettre un ou des renseignements personnels \u00e0 une partie dont le service n\u2019a pas \u00e9t\u00e9 retenu par Proprio Investissement, vous serez avis\u00e9 par \u00e9crit, au pr\u00e9alable. Seul le consentement explicite de votre part pourra permettre cette divulgation.<\/span><span data-ccp-props=\"{}\">\u00a0<\/span><\/p><p><strong>Vos droits quant \u00e0 l\u2019utilisation de vos donn\u00e9es personnelles\u00a0<\/strong><\/p><p><span data-contrast=\"auto\">Si vous avez un compte sur ce site ou si vous avez laiss\u00e9 des commentaires, vous pouvez demander un fichier contenant l\u2019ensemble de l\u2019information collect\u00e9e sur vous, incluant toute information collect\u00e9e par notre site. Vous pouvez faire la demande d\u2019effacer toute information personnelle que nous poss\u00e9dons. Ceci n\u2019inclut pas les informations collect\u00e9es dans des buts administratifs, l\u00e9gaux ou pour des fins de s\u00e9curit\u00e9.<\/span><span data-ccp-props=\"{}\">\u00a0<\/span><\/p><p><strong>O\u00f9 nous envoyons vos informations\u00a0<\/strong><\/p><p><span data-contrast=\"auto\">Les commentaires de la part des visiteurs sont susceptibles d\u2019\u00eatre v\u00e9rifi\u00e9s \u00e0 travers un service automatis\u00e9 de d\u00e9tection du spam.<\/span><span data-ccp-props=\"{}\">\u00a0<\/span><\/p><p><strong>Information suppl\u00e9mentaire<\/strong><span data-ccp-props=\"{}\">\u00a0<\/span><\/p><p><strong>Protection de vos renseignements\u00a0<\/strong><\/p><p><span data-contrast=\"auto\">Nous d\u00e9ployons tous les efforts raisonnables pour assurer la s\u00e9curit\u00e9 des renseignements personnels fournis par les utilisateurs de notre site Web. Un technicien s\u2019assure de la fonctionnalit\u00e9 du serveur et des formulaires utilis\u00e9s pour notre site Web. De plus, Proprio Investissement a adopt\u00e9 les mesures de s\u00e9curit\u00e9 appropri\u00e9es pour prot\u00e9ger ses clients contre la perte ou l\u2019utilisation non autoris\u00e9e de leurs renseignements personnels, dont ceux relatifs \u00e0 la carte de cr\u00e9dit.<\/span><span data-ccp-props=\"{}\">\u00a0<\/span><\/p><p><strong>Collecte et utilisation de renseignements par une tierce partie\u00a0<\/strong><\/p><p><span data-contrast=\"auto\">Il peut arriver que certains renseignements non personnels, d\u00e9finis pr\u00e9c\u00e9demment, soient recueillis par une tierce partie.<\/span><span data-ccp-props=\"{}\">\u00a0<\/span><\/p><p><strong>Statistiques\u202f\u00a0<\/strong><\/p><p><span data-contrast=\"auto\">Pour recueillir de l\u2019information sur ses utilisateurs et leurs habitudes de navigation, Proprio Investissement utilise les statistiques de l\u2019outil Google Analytics. Lorsque ces renseignements sont utilis\u00e9s pour les fins personnelles de Proprio Investissement, ils sont prot\u00e9g\u00e9s par la pr\u00e9sente Politique. Google Analytics peut toutefois collecter des donn\u00e9es pour son propre usage. Dans ce cas, vos renseignements sont recueillis, utilis\u00e9s et prot\u00e9g\u00e9s selon sa propre Politique de confidentialit\u00e9.<\/span><span data-ccp-props=\"{}\">\u00a0<\/span><\/p><p><strong>Publicit\u00e9 et remarketing\u00a0<\/strong><\/p><p><span data-contrast=\"auto\">Pour cr\u00e9er des annonces publicitaires, Proprio Investissement utilise les outils Google Ads et Facebook Ads. Lorsque les renseignements fournis par ce service sont utilis\u00e9s pour les fins personnelles de Proprio Investissement, ils sont prot\u00e9g\u00e9s par la pr\u00e9sente Politique. Google Ads et Facebook Ads peuvent toutefois collecter des donn\u00e9es pour leur propre usage. Dans ce cas, vos renseignements sont recueillis, utilis\u00e9s et prot\u00e9g\u00e9s selon leur politique respective :\u202f<\/span><a href=\"https:\/\/www.facebook.com\/customaudiences\/app\/tos\/\"><span data-contrast=\"none\">Politique de confidentialit\u00e9 de Facebook<\/span><\/a><span data-contrast=\"auto\">\u202f\u2013\u202f<\/span><a href=\"https:\/\/www.google.com\/intl\/fr-CA\/policies\/privacy\/\"><span data-contrast=\"none\">Politique de confidentialit\u00e9 de Google<\/span><\/a><span data-contrast=\"auto\">.<\/span><span data-ccp-props=\"{}\">\u00a0<\/span><\/p><p><strong>Retrait et correction de vos renseignements personnels<\/strong><span data-ccp-props=\"{}\">\u00a0<\/span><\/p><p><span data-contrast=\"auto\">Proprio Investissement est la personne responsable de la protection des renseignements personnels chez Proprio Investissement. Pour retirer votre nom des listes de participation \u00e9lectronique de Proprio Investissement ou pour modifier les renseignements personnels que vous avez fournis, faites-nous parvenir votre demande par courriel \u00e0\u202f<\/span><a href=\"mailto:renseignements@corpiq.com\"><span data-contrast=\"none\">renseignements@corpiq.com<\/span><\/a><span data-contrast=\"auto\">.<\/span><span data-ccp-props=\"{}\">\u00a0<\/span><\/p><p><strong>Mise \u00e0 jour de la politique ci-dessus\u00a0<\/strong><\/p><p><span data-contrast=\"auto\">Nous pouvons modifier le contenu de la pr\u00e9sente Politique de confidentialit\u00e9 \u00e0 tout moment. Nous vous invitons donc \u00e0 la consulter de mani\u00e8re r\u00e9guli\u00e8re afin de demeurer inform\u00e9 de la mani\u00e8re dont nous traitons les renseignements personnels.<\/span><span data-ccp-props=\"{}\">\u00a0<\/span><\/p><p><em>Cette version a \u00e9t\u00e9 mise \u00e0 jour le 05 f\u00e9vrier 2024.\u00a0<\/em><\/p><p><strong>Questions et commentaires\u00a0<\/strong><\/p><p><span data-contrast=\"auto\">Notre entreprise vous encourage \u00e0 formuler toute demande d\u2019information, suggestion ou commentaire \u00e0 l\u2019\u00e9gard de la pr\u00e9sente Politique de confidentialit\u00e9. Vous pouvez communiquer avec nous en tout temps par courriel au\u202f<\/span><a href=\"mailto:renseignements@corpiq.com\"><span data-contrast=\"none\">renseignements@corpiq.com<\/span><\/a><span data-contrast=\"auto\">.<\/span><span data-ccp-props=\"{}\">\u00a0<\/span><\/p><p><span data-ccp-props=\"{}\">\u00a0<\/span><\/p>\t\t\t\t\t\t\t\t<\/div>\n\t\t\t\t<\/div>\n\t\t\t\t\t<\/div>\n\t\t<\/div>\n\t\t\t\t\t<\/div>\n\t\t<\/section>\n\t\t\t\t<\/div>\n\t\t","protected":false},"excerpt":{"rendered":"<p>Politique de confidentialit\u00e9 \u00a0 Application de la Politique de confidentialit\u00e9\u00a0 La Politique d\u00e9finit la mani\u00e8re dont Proprio Investissement recueille, utilise et prot\u00e8ge les renseignements fournis volontairement par les utilisateurs de son site et ceux transmis automatiquement par leur serveur Web. La pr\u00e9sente Politique s\u2019applique \u00e0 l\u2019ensemble du site https:\/\/proprioinvestissement.com\/ ainsi qu\u2019aux produits et services offerts [&hellip;]<\/p>\n","protected":false},"author":16,"featured_media":0,"parent":0,"menu_order":0,"comment_status":"closed","ping_status":"closed","template":"","meta":{"inline_featured_image":false,"footnotes":""},"class_list":["post-4693","page","type-page","status-publish","hentry"],"_links":{"self":[{"href":"https:\/\/proprioinvestissement.com\/fr\/wp-json\/wp\/v2\/pages\/4693","targetHints":{"allow":["GET"]}}],"collection":[{"href":"https:\/\/proprioinvestissement.com\/fr\/wp-json\/wp\/v2\/pages"}],"about":[{"href":"https:\/\/proprioinvestissement.com\/fr\/wp-json\/wp\/v2\/types\/page"}],"author":[{"embeddable":true,"href":"https:\/\/proprioinvestissement.com\/fr\/wp-json\/wp\/v2\/users\/16"}],"replies":[{"embeddable":true,"href":"https:\/\/proprioinvestissement.com\/fr\/wp-json\/wp\/v2\/comments?post=4693"}],"version-history":[{"count":18,"href":"https:\/\/proprioinvestissement.com\/fr\/wp-json\/wp\/v2\/pages\/4693\/revisions"}],"predecessor-version":[{"id":4728,"href":"https:\/\/proprioinvestissement.com\/fr\/wp-json\/wp\/v2\/pages\/4693\/revisions\/4728"}],"wp:attachment":[{"href":"https:\/\/proprioinvestissement.com\/fr\/wp-json\/wp\/v2\/media?parent=4693"}],"curies":[{"name":"wp","href":"https:\/\/api.w.org\/{rel}","templated":true}]}}